{"id":11,"date":"2019-08-23T22:03:12","date_gmt":"2019-08-24T03:03:12","guid":{"rendered":"http:\/\/www.marketing-online.ec\/?page_id=11"},"modified":"2025-03-10T20:25:02","modified_gmt":"2025-03-11T01:25:02","slug":"habitaciones","status":"publish","type":"page","link":"https:\/\/hostalyourhome.com\/web\/habitaciones\/","title":{"rendered":"Habitaciones"},"content":{"rendered":"\n\n\t<h2><strong>Habitaciones<\/strong><\/h2>\n\t\t\t\t<a href=\"https:\/\/hostalyourhome.com\/web\/habitacion-simple\/\"  target=\"_self\" itemprop=\"url\">\n\t\t\t\t<img loading=\"lazy\" decoding=\"async\" src=\"https:\/\/hostalyourhome.com\/web\/wp-content\/uploads\/2019\/08\/GOPR0572.jpg\" alt=\"DCIM100GOPRO\" itemprop=\"image\" height=\"750\" width=\"1000\" title=\"DCIM100GOPRO\" onerror=\"this.style.display='none'\"  \/>\n\t\t\t\t<\/a>\n\t<h4><a href=\"https:\/\/hostalyourhome.com\/web\/habitacion-simple\/\"><strong>Habitaci\u00f3n sencilla<\/strong><\/a><\/h4>\n\t\t\t\t<a href=\"https:\/\/hostalyourhome.com\/web\/habitacion-matrimonial\/\"  target=\"_self\" itemprop=\"url\">\n\t\t\t\t<img loading=\"lazy\" decoding=\"async\" src=\"https:\/\/hostalyourhome.com\/web\/wp-content\/uploads\/2019\/08\/GOPR0416-1.jpg\" alt=\"DCIM100GOPRO\" itemprop=\"image\" height=\"750\" width=\"1000\" title=\"DCIM100GOPRO\" onerror=\"this.style.display='none'\"  \/>\n\t\t\t\t<\/a>\n\t<h4><a href=\"https:\/\/hostalyourhome.com\/web\/habitacion-matrimonial\/\"><strong>Habitaci\u00f3n matrimonial<\/strong><\/a><\/h4>\n\t\t\t\t<a href=\"https:\/\/hostalyourhome.com\/web\/habitacion-doble\/\"  target=\"_self\" itemprop=\"url\">\n\t\t\t\t<img loading=\"lazy\" decoding=\"async\" src=\"https:\/\/hostalyourhome.com\/web\/wp-content\/uploads\/2019\/08\/GOPR0541.jpg\" alt=\"DCIM100GOPRO\" itemprop=\"image\" height=\"750\" width=\"1000\" title=\"DCIM100GOPRO\" onerror=\"this.style.display='none'\"  \/>\n\t\t\t\t<\/a>\n\t<h4><a href=\"https:\/\/hostalyourhome.com\/web\/habitacion-doble\/\"><strong>Habitaci\u00f3n doble<\/strong><\/a><\/h4>\n\t\t\t\t<a href=\"https:\/\/hostalyourhome.com\/web\/habitacion-triple\/\"  target=\"_self\" itemprop=\"url\">\n\t\t\t\t<img loading=\"lazy\" decoding=\"async\" src=\"https:\/\/hostalyourhome.com\/web\/wp-content\/uploads\/2019\/08\/GOPR0580.jpg\" alt=\"DCIM100GOPRO\" itemprop=\"image\" height=\"750\" width=\"1000\" title=\"DCIM100GOPRO\" onerror=\"this.style.display='none'\"  \/>\n\t\t\t\t<\/a>\n\t<h4><a href=\"https:\/\/hostalyourhome.com\/web\/habitacion-triple\/\"><strong>Habitaci\u00f3n triple<\/strong><\/a><\/h4>\n\t<p>Todas las habitaciones son acondicionadas con el fin de proporcionar una m\u00e1xima comodidad, as\u00ed como brindar un ambiente agradable para descansar y trabajar, sinti\u00e9ndose como en su propia casa.<\/p>\n<h2><strong>Internet inal\u00e1mbrico (Wifi)<\/strong><\/h2>\n<p>Disponibilidades de conexi\u00f3n a internet en todo el hostal.<\/p>\n\n","protected":false},"excerpt":{"rendered":"<p>Habitaciones Habitaci\u00f3n sencilla Habitaci\u00f3n matrimonial Habitaci\u00f3n doble Habitaci\u00f3n triple Todas las habitaciones son acondicionadas con el fin de proporcionar una m\u00e1xima comodidad, as\u00ed como brindar un ambiente agradable para descansar y trabajar, sinti\u00e9ndose como en su propia casa. Internet inal\u00e1mbrico (Wifi) Disponibilidades de conexi\u00f3n a internet en todo el hostal.<\/p>\n","protected":false},"author":3,"featured_media":7,"parent":0,"menu_order":0,"comment_status":"closed","ping_status":"closed","template":"","meta":{"footnotes":""},"class_list":["post-11","page","type-page","status-publish","has-post-thumbnail","hentry"],"_links":{"self":[{"href":"https:\/\/hostalyourhome.com\/web\/wp-json\/wp\/v2\/pages\/11","targetHints":{"allow":["GET"]}}],"collection":[{"href":"https:\/\/hostalyourhome.com\/web\/wp-json\/wp\/v2\/pages"}],"about":[{"href":"https:\/\/hostalyourhome.com\/web\/wp-json\/wp\/v2\/types\/page"}],"author":[{"embeddable":true,"href":"https:\/\/hostalyourhome.com\/web\/wp-json\/wp\/v2\/users\/3"}],"replies":[{"embeddable":true,"href":"https:\/\/hostalyourhome.com\/web\/wp-json\/wp\/v2\/comments?post=11"}],"version-history":[{"count":5,"href":"https:\/\/hostalyourhome.com\/web\/wp-json\/wp\/v2\/pages\/11\/revisions"}],"predecessor-version":[{"id":738,"href":"https:\/\/hostalyourhome.com\/web\/wp-json\/wp\/v2\/pages\/11\/revisions\/738"}],"wp:featuredmedia":[{"embeddable":true,"href":"https:\/\/hostalyourhome.com\/web\/wp-json\/wp\/v2\/media\/7"}],"wp:attachment":[{"href":"https:\/\/hostalyourhome.com\/web\/wp-json\/wp\/v2\/media?parent=11"}],"curies":[{"name":"wp","href":"https:\/\/api.w.org\/{rel}","templated":true}]}}